{"id":102,"date":"2017-10-26T18:36:06","date_gmt":"2017-10-26T18:36:06","guid":{"rendered":"http:\/\/xn--drper-crepe-cafe-mwba.de\/?page_id=102"},"modified":"2018-04-29T13:07:36","modified_gmt":"2018-04-29T13:07:36","slug":"impressum","status":"publish","type":"page","link":"https:\/\/xn--drper-crepe-cafe-mwba.de\/?page_id=102","title":{"rendered":"Impressum"},"content":{"rendered":"<h2>Angaben gem\u00e4\u00df \u00a7 5 TMG:<\/h2>\n<p>Sabrina Funke<br \/>\nD\u00f6\u00f6rper-Cr\u00eape-Caf\u00e9<br \/>\nVelken 15<br \/>\n53809 Ruppichteroth<\/p>\n<h2>Kontakt:<\/h2>\n<p>Telefon: 0229530126<br \/>\nE-Mail: crepecafe-ruppichteroth@gmx.de<\/p>\n<h2>Berufsbezeichnung und berufsrechtliche Regelungen<\/h2>\n<p>Berufsbezeichnung: anderer Beruf<\/p>\n<h2>Streitschlichtung<\/h2>\n<p>Wir sind nicht bereit oder verpflichtet, an Streitbeilegungsverfahren vor einer Verbraucherschlichtungsstelle teilzunehmen.<\/p>\n<h2>Haftung f\u00fcr Inhalte<\/h2>\n<p>Als Diensteanbieter sind wir gem\u00e4\u00df \u00a7 7 Abs.1 TMG f\u00fcr eigene Inhalte auf diesen Seiten nach den allgemeinen Gesetzen verantwortlich. Nach \u00a7\u00a7 8 bis 10 TMG sind wir als Diensteanbieter jedoch nicht verpflichtet, \u00fcbermittelte oder gespeicherte fremde Informationen zu \u00fcberwachen oder nach Umst\u00e4nden zu forschen, die auf eine rechtswidrige T\u00e4tigkeit hinweisen.<\/p>\n<p>Verpflichtungen zur Entfernung oder Sperrung der Nutzung von Informationen nach den allgemeinen Gesetzen bleiben hiervon unber\u00fchrt. Eine diesbez\u00fcgliche Haftung ist jedoch<br \/>\nerst ab dem Zeitpunkt der Kenntnis einer konkreten Rechtsverletzung m\u00f6glich. Bei Bekanntwerden von entsprechenden Rechtsverletzungen werden wir diese Inhalte umgehend entfernen.<\/p>\n<h2>Haftung f\u00fcr Links<\/h2>\n<p>Unser Angebot enth\u00e4lt Links zu externen Websites Dritter, auf deren Inhalte wir keinen Einfluss haben. Deshalb k\u00f6nnen wir f\u00fcr diese fremden Inhalte auch keine Gew\u00e4hr \u00fcbernehmen. F\u00fcr die Inhalte der verlinkten Seiten ist stets der jeweilige Anbieter oder Betreiber der Seiten verantwortlich. Die verlinkten Seiten wurden zum Zeitpunkt der Verlinkung auf m\u00f6gliche Rechtsverst\u00f6\u00dfe \u00fcberpr\u00fcft. Rechtswidrige Inhalte waren zum Zeitpunkt der Verlinkung nicht erkennbar.<\/p>\n<p>Eine permanente inhaltliche Kontrolle der verlinkten Seiten ist jedoch ohne konkrete Anhaltspunkte einer Rechtsverletzung nicht zumutbar. Bei Bekanntwerden von Rechtsverletzungen werden wir derartige Links umgehend entfernen.<\/p>\n<h2>Urheberrecht<\/h2>\n<p>Die durch die Seitenbetreiber erstellten Inhalte und Werke auf diesen Seiten unterliegen dem deutschen Urheberrecht. Die Vervielf\u00e4ltigung, Bearbeitung, Verbreitung und jede Art der Verwertung au\u00dferhalb der Grenzen des Urheberrechtes bed\u00fcrfen der schriftlichen Zustimmung des jeweiligen Autors bzw. Erstellers. Downloads und Kopien dieser Seite sind nur f\u00fcr den privaten, nicht kommerziellen Gebrauch gestattet.<\/p>\n<p>Soweit die Inhalte auf dieser Seite nicht vom Betreiber erstellt wurden, werden die Urheberrechte Dritter beachtet. Insbesondere werden Inhalte Dritter als solche gekennzeichnet. Sollten Sie trotzdem auf eine Urheberrechtsverletzung aufmerksam werden, bitten wir um einen entsprechenden Hinweis. Bei Bekanntwerden von Rechtsverletzungen werden wir derartige Inhalte umgehend entfernen.<\/p>\n<p>Quelle: <a href=\"https:\/\/www.e- recht24.de\/impressum-generator.html\">https:\/\/www.e-recht24.de\/impressum-generator.html<\/a><\/p>\n","protected":false},"excerpt":{"rendered":"<p>Angaben gem\u00e4\u00df \u00a7 5 TMG: Sabrina Funke D\u00f6\u00f6rper-Cr\u00eape-Caf\u00e9 Velken 15 53809 Ruppichteroth Kontakt: Telefon: 0229530126 E-Mail: crepecafe-ruppichteroth@gmx.de Berufsbezeichnung und berufsrechtliche Regelungen Berufsbezeichnung: [&hellip;]<\/p>\n","protected":false},"author":1,"featured_media":0,"parent":0,"menu_order":0,"comment_status":"closed","ping_status":"closed","template":"","meta":{"ngg_post_thumbnail":0,"jetpack_post_was_ever_published":false},"jetpack_sharing_enabled":true,"jetpack_shortlink":"https:\/\/wp.me\/P9btXD-1E","jetpack_likes_enabled":true,"jetpack-related-posts":[{"id":288,"url":"https:\/\/xn--drper-crepe-cafe-mwba.de\/?page_id=288","url_meta":{"origin":102,"position":0},"title":"Datenschutzerkl\u00e4rung","date":"April 29, 2018","format":false,"excerpt":"Cookies Die Internetseiten verwenden teilweise so genannte Cookies. Cookies richten auf Ihrem Rechner keinen Schaden an und enthalten keine Viren. Cookies dienen dazu, unser Angebot nutzerfreundlicher, effektiver und sicherer zu machen. Cookies sind kleine Textdateien, die auf Ihrem Rechner abgelegt werden und die Ihr Browser speichert. Die meisten der von\u2026","rel":"","context":"\u00c4hnlicher Beitrag","img":{"alt_text":"","src":"","width":0,"height":0},"classes":[]},{"id":227,"url":"https:\/\/xn--drper-crepe-cafe-mwba.de\/","url_meta":{"origin":102,"position":1},"title":"Willkommen beim D\u00f6\u00f6rper-Cr\u00eape-Caf\u00e9","date":"Februar 26, 2018","format":false,"excerpt":"Unser Angebot Wir vom D\u00f6\u00f6rper-Cr\u00eape-Caf\u00e9 verw\u00f6hnen Sie mit vielerlei leckeren Cr\u00eape- und Kaffee-Variationen ganz auf Ihren Wunsch abgestimmt. Unser Kaffee wird aus hochwertigen Espresso-Bohnen, aus einer privaten R\u00f6sterei unserer Vertrauens, mit der Siebtr\u00e4germaschine f\u00fcr Sie zubereitet.\u00a0 Cr\u00eapes Unkomplizierte Klassiker und genussvolle Cr\u00eape-Wunder! Ausgefallene Toppings machen unsere Cr\u00eapes zum kulinarischen Erlebnis.\u2026","rel":"","context":"\u00c4hnlicher Beitrag","img":{"alt_text":"","src":"","width":0,"height":0},"classes":[]},{"id":108,"url":"https:\/\/xn--drper-crepe-cafe-mwba.de\/?page_id=108","url_meta":{"origin":102,"position":2},"title":"\u00dcber uns","date":"Oktober 26, 2017","format":false,"excerpt":"Wir sind das D\u00f6\u00f6rper-Cr\u00eape-Caf\u00e9! \" order_by=\"sortorder\" order_direction=\"ASC\" returns=\"included\" maximum_entity_count=\"500\"] \u00a0 Inhaber Sabrina Funke 02295\/30126 Velken 15 53809 Ruppichteroth crepecafe-ruppichteroth@gmx.de \u00a0 Weitere Infos finden Sie auf unserem Facebook-Account. \u00a0 Technik und Inszenierung von\u00a0Marcel G\u00f6bel.","rel":"","context":"\u00c4hnlicher Beitrag","img":{"alt_text":"","src":"","width":0,"height":0},"classes":[]},{"id":111,"url":"https:\/\/xn--drper-crepe-cafe-mwba.de\/?page_id=111","url_meta":{"origin":102,"position":3},"title":"Buchungsanfrage","date":"Oktober 26, 2017","format":false,"excerpt":"Erstellen Sie hier eine unverbindliche Buchungsanfrage. Wir melden uns schnellstm\u00f6glich bei Ihnen!","rel":"","context":"\u00c4hnlicher Beitrag","img":{"alt_text":"","src":"","width":0,"height":0},"classes":[]}],"_links":{"self":[{"href":"https:\/\/xn--drper-crepe-cafe-mwba.de\/index.php?rest_route=\/wp\/v2\/pages\/102"}],"collection":[{"href":"https:\/\/xn--drper-crepe-cafe-mwba.de\/index.php?rest_route=\/wp\/v2\/pages"}],"about":[{"href":"https:\/\/xn--drper-crepe-cafe-mwba.de\/index.php?rest_route=\/wp\/v2\/types\/page"}],"author":[{"embeddable":true,"href":"https:\/\/xn--drper-crepe-cafe-mwba.de\/index.php?rest_route=\/wp\/v2\/users\/1"}],"replies":[{"embeddable":true,"href":"https:\/\/xn--drper-crepe-cafe-mwba.de\/index.php?rest_route=%2Fwp%2Fv2%2Fcomments&post=102"}],"version-history":[{"count":4,"href":"https:\/\/xn--drper-crepe-cafe-mwba.de\/index.php?rest_route=\/wp\/v2\/pages\/102\/revisions"}],"predecessor-version":[{"id":287,"href":"https:\/\/xn--drper-crepe-cafe-mwba.de\/index.php?rest_route=\/wp\/v2\/pages\/102\/revisions\/287"}],"wp:attachment":[{"href":"https:\/\/xn--drper-crepe-cafe-mwba.de\/index.php?rest_route=%2Fwp%2Fv2%2Fmedia&parent=102"}],"curies":[{"name":"wp","href":"https:\/\/api.w.org\/{rel}","templated":true}]}}