{"id":108,"date":"2017-10-26T18:38:24","date_gmt":"2017-10-26T18:38:24","guid":{"rendered":"http:\/\/xn--drper-crepe-cafe-mwba.de\/?page_id=108"},"modified":"2018-06-16T12:06:49","modified_gmt":"2018-06-16T12:06:49","slug":"ueber-uns","status":"publish","type":"page","link":"https:\/\/xn--drper-crepe-cafe-mwba.de\/?page_id=108","title":{"rendered":"\u00dcber uns"},"content":{"rendered":"<h2>Wir sind das D\u00f6\u00f6rper-Cr\u00eape-Caf\u00e9!<\/h2>\n<!-- index.php -->\n<div\n\tclass=\"ngg-galleryoverview ngg-ajax-pagination-none\"\n\tid=\"ngg-gallery-6f7d072cb261fe29468053175eb50747-1\">\n\n    \t\t<!-- Thumbnails -->\n\t\t\t\t<div id=\"ngg-image-0\" class=\"ngg-gallery-thumbnail-box\" >\n\t\t\t\t        <div class=\"ngg-gallery-thumbnail\">\n            <a href=\"https:\/\/xn--drper-crepe-cafe-mwba.de\/wp-content\/gallery\/ueber-uns\/familienfoto.jpg\"\n               title=\"\"\n               data-src=\"https:\/\/xn--drper-crepe-cafe-mwba.de\/wp-content\/gallery\/ueber-uns\/familienfoto.jpg\"\n               data-thumbnail=\"https:\/\/xn--drper-crepe-cafe-mwba.de\/wp-content\/gallery\/ueber-uns\/thumbs\/thumbs_familienfoto.jpg\"\n               data-image-id=\"1\"\n               data-title=\"familienfoto\"\n               data-description=\"\"\n               data-image-slug=\"familienfoto\"\n               class=\"ngg-fancybox\" rel=\"6f7d072cb261fe29468053175eb50747\">\n                <img\n                    title=\"familienfoto\"\n                    alt=\"familienfoto\"\n                    src=\"https:\/\/xn--drper-crepe-cafe-mwba.de\/wp-content\/gallery\/ueber-uns\/thumbs\/thumbs_familienfoto.jpg\"\n                    width=\"240\"\n                    height=\"160\"\n                    style=\"max-width:100%;\"\n                \/>\n            <\/a>\n        <\/div>\n\t\t\t\t\t\t\t<\/div> \n\t\t\t\n        \n\t\t\t\t<div id=\"ngg-image-1\" class=\"ngg-gallery-thumbnail-box\" >\n\t\t\t\t        <div class=\"ngg-gallery-thumbnail\">\n            <a href=\"https:\/\/xn--drper-crepe-cafe-mwba.de\/wp-content\/gallery\/ueber-uns\/20180422-13-58-57-20180422-DSC03990-2-Bearbeitet.jpg\"\n               title=\"\"\n               data-src=\"https:\/\/xn--drper-crepe-cafe-mwba.de\/wp-content\/gallery\/ueber-uns\/20180422-13-58-57-20180422-DSC03990-2-Bearbeitet.jpg\"\n               data-thumbnail=\"https:\/\/xn--drper-crepe-cafe-mwba.de\/wp-content\/gallery\/ueber-uns\/thumbs\/thumbs_20180422-13-58-57-20180422-DSC03990-2-Bearbeitet.jpg\"\n               data-image-id=\"22\"\n               data-title=\"20180422-13-58-57-20180422-DSC03990-2-Bearbeitet\"\n               data-description=\"\"\n               data-image-slug=\"20180422-13-58-57-20180422-dsc03990-2-bearbeitet\"\n               class=\"ngg-fancybox\" rel=\"6f7d072cb261fe29468053175eb50747\">\n                <img\n                    title=\"20180422-13-58-57-20180422-DSC03990-2-Bearbeitet\"\n                    alt=\"20180422-13-58-57-20180422-DSC03990-2-Bearbeitet\"\n                    src=\"https:\/\/xn--drper-crepe-cafe-mwba.de\/wp-content\/gallery\/ueber-uns\/thumbs\/thumbs_20180422-13-58-57-20180422-DSC03990-2-Bearbeitet.jpg\"\n                    width=\"240\"\n                    height=\"160\"\n                    style=\"max-width:100%;\"\n                \/>\n            <\/a>\n        <\/div>\n\t\t\t\t\t\t\t<\/div> \n\t\t\t\n        \n\t\t\t\t<div id=\"ngg-image-2\" class=\"ngg-gallery-thumbnail-box\" >\n\t\t\t\t        <div class=\"ngg-gallery-thumbnail\">\n            <a href=\"https:\/\/xn--drper-crepe-cafe-mwba.de\/wp-content\/gallery\/ueber-uns\/20180422-13-37-06-20180422-DSC03975-2.jpg\"\n               title=\"\"\n               data-src=\"https:\/\/xn--drper-crepe-cafe-mwba.de\/wp-content\/gallery\/ueber-uns\/20180422-13-37-06-20180422-DSC03975-2.jpg\"\n               data-thumbnail=\"https:\/\/xn--drper-crepe-cafe-mwba.de\/wp-content\/gallery\/ueber-uns\/thumbs\/thumbs_20180422-13-37-06-20180422-DSC03975-2.jpg\"\n               data-image-id=\"32\"\n               data-title=\"20180422 13-37-06 20180422-DSC03975-2\"\n               data-description=\"\"\n               data-image-slug=\"20180422-13-37-06-20180422-dsc03975-2\"\n               class=\"ngg-fancybox\" rel=\"6f7d072cb261fe29468053175eb50747\">\n                <img\n                    title=\"20180422 13-37-06 20180422-DSC03975-2\"\n                    alt=\"20180422 13-37-06 20180422-DSC03975-2\"\n                    src=\"https:\/\/xn--drper-crepe-cafe-mwba.de\/wp-content\/gallery\/ueber-uns\/thumbs\/thumbs_20180422-13-37-06-20180422-DSC03975-2.jpg\"\n                    width=\"240\"\n                    height=\"160\"\n                    style=\"max-width:100%;\"\n                \/>\n            <\/a>\n        <\/div>\n\t\t\t\t\t\t\t<\/div> \n\t\t\t\n        \n\t\t\t\t<div id=\"ngg-image-3\" class=\"ngg-gallery-thumbnail-box\" >\n\t\t\t\t        <div class=\"ngg-gallery-thumbnail\">\n            <a href=\"https:\/\/xn--drper-crepe-cafe-mwba.de\/wp-content\/gallery\/ueber-uns\/20180422-13-59-22-20180422-DSC03992-2.jpg\"\n               title=\"\"\n               data-src=\"https:\/\/xn--drper-crepe-cafe-mwba.de\/wp-content\/gallery\/ueber-uns\/20180422-13-59-22-20180422-DSC03992-2.jpg\"\n               data-thumbnail=\"https:\/\/xn--drper-crepe-cafe-mwba.de\/wp-content\/gallery\/ueber-uns\/thumbs\/thumbs_20180422-13-59-22-20180422-DSC03992-2.jpg\"\n               data-image-id=\"33\"\n               data-title=\"20180422 13-59-22 20180422-DSC03992-2\"\n               data-description=\"\"\n               data-image-slug=\"20180422-13-59-22-20180422-dsc03992-2\"\n               class=\"ngg-fancybox\" rel=\"6f7d072cb261fe29468053175eb50747\">\n                <img\n                    title=\"20180422 13-59-22 20180422-DSC03992-2\"\n                    alt=\"20180422 13-59-22 20180422-DSC03992-2\"\n                    src=\"https:\/\/xn--drper-crepe-cafe-mwba.de\/wp-content\/gallery\/ueber-uns\/thumbs\/thumbs_20180422-13-59-22-20180422-DSC03992-2.jpg\"\n                    width=\"240\"\n                    height=\"160\"\n                    style=\"max-width:100%;\"\n                \/>\n            <\/a>\n        <\/div>\n\t\t\t\t\t\t\t<\/div> \n\t\t\t\n        \n\t\t\n\t\t<!-- Pagination -->\n\t<div class='ngg-clear'><\/div>\t<\/div>\n\n<h3>&nbsp;<\/h3>\n<h3>Inhaber<\/h3>\n<p>Sabrina Funke<\/p>\n<p>02295\/30126<\/p>\n<p>Velken 15<\/p>\n<p>53809 Ruppichteroth<\/p>\n<p><a href=\"mailto:crepecafe-ruppichteroth@gmx.de\">crepecafe-ruppichteroth@gmx.de<\/a><\/p>\n<p>&nbsp;<\/p>\n<p>Weitere Infos finden Sie auf unserem <a href=\"https:\/\/www.facebook.com\/Doeoerpercrepecafe\/\">Facebook-Account<\/a>.<\/p>\n<p>&nbsp;<\/p>\n<p>Technik und Inszenierung von&nbsp;<a href=\"https:\/\/500px.com\/mynameisratchet\">Marcel G\u00f6bel<\/a>.<\/p>\n","protected":false},"excerpt":{"rendered":"<p>Wir sind das D\u00f6\u00f6rper-Cr\u00eape-Caf\u00e9! &#8220; order_by=&#8220;sortorder&#8220; order_direction=&#8220;ASC&#8220; returns=&#8220;included&#8220; maximum_entity_count=&#8220;500&#8243;] &nbsp; Inhaber Sabrina Funke 02295\/30126 Velken 15 53809 Ruppichteroth crepecafe-ruppichteroth@gmx.de &nbsp; Weitere Infos [&hellip;]<\/p>\n","protected":false},"author":1,"featured_media":0,"parent":0,"menu_order":0,"comment_status":"closed","ping_status":"closed","template":"","meta":{"ngg_post_thumbnail":0,"jetpack_post_was_ever_published":false},"jetpack_sharing_enabled":true,"jetpack_shortlink":"https:\/\/wp.me\/P9btXD-1K","jetpack_likes_enabled":true,"jetpack-related-posts":[{"id":111,"url":"https:\/\/xn--drper-crepe-cafe-mwba.de\/?page_id=111","url_meta":{"origin":108,"position":0},"title":"Buchungsanfrage","date":"Oktober 26, 2017","format":false,"excerpt":"Erstellen Sie hier eine unverbindliche Buchungsanfrage. Wir melden uns schnellstm\u00f6glich bei Ihnen!","rel":"","context":"\u00c4hnlicher Beitrag","img":{"alt_text":"","src":"","width":0,"height":0},"classes":[]},{"id":102,"url":"https:\/\/xn--drper-crepe-cafe-mwba.de\/?page_id=102","url_meta":{"origin":108,"position":1},"title":"Impressum","date":"Oktober 26, 2017","format":false,"excerpt":"Angaben gem\u00e4\u00df \u00a7 5 TMG: Sabrina Funke D\u00f6\u00f6rper-Cr\u00eape-Caf\u00e9 Velken 15 53809 Ruppichteroth Kontakt: Telefon: 0229530126 E-Mail: crepecafe-ruppichteroth@gmx.de Berufsbezeichnung und berufsrechtliche Regelungen Berufsbezeichnung: anderer Beruf Streitschlichtung Wir sind nicht bereit oder verpflichtet, an Streitbeilegungsverfahren vor einer Verbraucherschlichtungsstelle teilzunehmen. Haftung f\u00fcr Inhalte Als Diensteanbieter sind wir gem\u00e4\u00df \u00a7 7 Abs.1 TMG f\u00fcr\u2026","rel":"","context":"\u00c4hnlicher Beitrag","img":{"alt_text":"","src":"","width":0,"height":0},"classes":[]},{"id":288,"url":"https:\/\/xn--drper-crepe-cafe-mwba.de\/?page_id=288","url_meta":{"origin":108,"position":2},"title":"Datenschutzerkl\u00e4rung","date":"April 29, 2018","format":false,"excerpt":"Cookies Die Internetseiten verwenden teilweise so genannte Cookies. Cookies richten auf Ihrem Rechner keinen Schaden an und enthalten keine Viren. Cookies dienen dazu, unser Angebot nutzerfreundlicher, effektiver und sicherer zu machen. Cookies sind kleine Textdateien, die auf Ihrem Rechner abgelegt werden und die Ihr Browser speichert. Die meisten der von\u2026","rel":"","context":"\u00c4hnlicher Beitrag","img":{"alt_text":"","src":"","width":0,"height":0},"classes":[]}],"_links":{"self":[{"href":"https:\/\/xn--drper-crepe-cafe-mwba.de\/index.php?rest_route=\/wp\/v2\/pages\/108"}],"collection":[{"href":"https:\/\/xn--drper-crepe-cafe-mwba.de\/index.php?rest_route=\/wp\/v2\/pages"}],"about":[{"href":"https:\/\/xn--drper-crepe-cafe-mwba.de\/index.php?rest_route=\/wp\/v2\/types\/page"}],"author":[{"embeddable":true,"href":"https:\/\/xn--drper-crepe-cafe-mwba.de\/index.php?rest_route=\/wp\/v2\/users\/1"}],"replies":[{"embeddable":true,"href":"https:\/\/xn--drper-crepe-cafe-mwba.de\/index.php?rest_route=%2Fwp%2Fv2%2Fcomments&post=108"}],"version-history":[{"count":14,"href":"https:\/\/xn--drper-crepe-cafe-mwba.de\/index.php?rest_route=\/wp\/v2\/pages\/108\/revisions"}],"predecessor-version":[{"id":436,"href":"https:\/\/xn--drper-crepe-cafe-mwba.de\/index.php?rest_route=\/wp\/v2\/pages\/108\/revisions\/436"}],"wp:attachment":[{"href":"https:\/\/xn--drper-crepe-cafe-mwba.de\/index.php?rest_route=%2Fwp%2Fv2%2Fmedia&parent=108"}],"curies":[{"name":"wp","href":"https:\/\/api.w.org\/{rel}","templated":true}]}}