{"id":210,"date":"2018-01-27T12:09:07","date_gmt":"2018-01-27T12:09:07","guid":{"rendered":"http:\/\/xn--drper-crepe-cafe-mwba.de\/?page_id=210"},"modified":"2018-04-29T16:35:51","modified_gmt":"2018-04-29T16:35:51","slug":"downloads","status":"publish","type":"page","link":"https:\/\/xn--drper-crepe-cafe-mwba.de\/?page_id=210","title":{"rendered":"Downloads"},"content":{"rendered":"<h2>Unser aktueller Flyer (2018)<\/h2>\n<!-- index.php -->\n<div\n\tclass=\"ngg-galleryoverview ngg-ajax-pagination-none\"\n\tid=\"ngg-gallery-cd77d8f7a2fd827a180e5d81cdc45d91-1\">\n\n    \t\t<!-- Thumbnails -->\n\t\t\t\t<div id=\"ngg-image-0\" class=\"ngg-gallery-thumbnail-box\" >\n\t\t\t\t        <div class=\"ngg-gallery-thumbnail\">\n            <a href=\"https:\/\/xn--drper-crepe-cafe-mwba.de\/wp-content\/gallery\/flyer\/S1_v4.jpg\"\n               title=\"\"\n               data-src=\"https:\/\/xn--drper-crepe-cafe-mwba.de\/wp-content\/gallery\/flyer\/S1_v4.jpg\"\n               data-thumbnail=\"https:\/\/xn--drper-crepe-cafe-mwba.de\/wp-content\/gallery\/flyer\/thumbs\/thumbs_S1_v4.jpg\"\n               data-image-id=\"14\"\n               data-title=\"S1_v4\"\n               data-description=\"\"\n               data-image-slug=\"s1_v4\"\n               class=\"ngg-fancybox\" rel=\"cd77d8f7a2fd827a180e5d81cdc45d91\">\n                <img\n                    title=\"S1_v4\"\n                    alt=\"S1_v4\"\n                    src=\"https:\/\/xn--drper-crepe-cafe-mwba.de\/wp-content\/gallery\/flyer\/thumbs\/thumbs_S1_v4.jpg\"\n                    width=\"240\"\n                    height=\"160\"\n                    style=\"max-width:100%;\"\n                \/>\n            <\/a>\n        <\/div>\n\t\t\t\t\t\t\t<\/div> \n\t\t\t\n        \n\t\t\n\t\t<!-- Pagination -->\n\t<div class='ngg-clear'><\/div>\t<\/div>\n\n<p><a href=\"https:\/\/xn--drper-crepe-cafe-mwba.de\/wp-content\/uploads\/2018\/01\/Flyer_2017-final.pdf\">Download des Flyers!<\/a><\/p>\n<p>&nbsp;<\/p>\n<h2>Expos\u00e9<\/h2>\n<p><a href=\"https:\/\/xn--drper-crepe-cafe-mwba.de\/wp-content\/uploads\/2018\/01\/Expos\u00e9-D\u00f6\u00f6rper-Cr\u00eape-Caf\u00e9.zip\">Download des Expos\u00e9s!<\/a><\/p>\n","protected":false},"excerpt":{"rendered":"<p>Unser aktueller Flyer (2018) &#8220; order_by=&#8220;sortorder&#8220; order_direction=&#8220;ASC&#8220; returns=&#8220;included&#8220; maximum_entity_count=&#8220;500&#8243;] Download des Flyers! &nbsp; Expos\u00e9 Download des Expos\u00e9s!<\/p>\n","protected":false},"author":1,"featured_media":0,"parent":0,"menu_order":0,"comment_status":"closed","ping_status":"closed","template":"","meta":{"ngg_post_thumbnail":0,"jetpack_post_was_ever_published":false},"jetpack_sharing_enabled":true,"jetpack_shortlink":"https:\/\/wp.me\/P9btXD-3o","jetpack_likes_enabled":true,"jetpack-related-posts":[{"id":288,"url":"https:\/\/xn--drper-crepe-cafe-mwba.de\/?page_id=288","url_meta":{"origin":210,"position":0},"title":"Datenschutzerkl\u00e4rung","date":"April 29, 2018","format":false,"excerpt":"Cookies Die Internetseiten verwenden teilweise so genannte Cookies. Cookies richten auf Ihrem Rechner keinen Schaden an und enthalten keine Viren. Cookies dienen dazu, unser Angebot nutzerfreundlicher, effektiver und sicherer zu machen. Cookies sind kleine Textdateien, die auf Ihrem Rechner abgelegt werden und die Ihr Browser speichert. Die meisten der von\u2026","rel":"","context":"\u00c4hnlicher Beitrag","img":{"alt_text":"","src":"","width":0,"height":0},"classes":[]},{"id":102,"url":"https:\/\/xn--drper-crepe-cafe-mwba.de\/?page_id=102","url_meta":{"origin":210,"position":1},"title":"Impressum","date":"Oktober 26, 2017","format":false,"excerpt":"Angaben gem\u00e4\u00df \u00a7 5 TMG: Sabrina Funke D\u00f6\u00f6rper-Cr\u00eape-Caf\u00e9 Velken 15 53809 Ruppichteroth Kontakt: Telefon: 0229530126 E-Mail: crepecafe-ruppichteroth@gmx.de Berufsbezeichnung und berufsrechtliche Regelungen Berufsbezeichnung: anderer Beruf Streitschlichtung Wir sind nicht bereit oder verpflichtet, an Streitbeilegungsverfahren vor einer Verbraucherschlichtungsstelle teilzunehmen. Haftung f\u00fcr Inhalte Als Diensteanbieter sind wir gem\u00e4\u00df \u00a7 7 Abs.1 TMG f\u00fcr\u2026","rel":"","context":"\u00c4hnlicher Beitrag","img":{"alt_text":"","src":"","width":0,"height":0},"classes":[]}],"_links":{"self":[{"href":"https:\/\/xn--drper-crepe-cafe-mwba.de\/index.php?rest_route=\/wp\/v2\/pages\/210"}],"collection":[{"href":"https:\/\/xn--drper-crepe-cafe-mwba.de\/index.php?rest_route=\/wp\/v2\/pages"}],"about":[{"href":"https:\/\/xn--drper-crepe-cafe-mwba.de\/index.php?rest_route=\/wp\/v2\/types\/page"}],"author":[{"embeddable":true,"href":"https:\/\/xn--drper-crepe-cafe-mwba.de\/index.php?rest_route=\/wp\/v2\/users\/1"}],"replies":[{"embeddable":true,"href":"https:\/\/xn--drper-crepe-cafe-mwba.de\/index.php?rest_route=%2Fwp%2Fv2%2Fcomments&post=210"}],"version-history":[{"count":12,"href":"https:\/\/xn--drper-crepe-cafe-mwba.de\/index.php?rest_route=\/wp\/v2\/pages\/210\/revisions"}],"predecessor-version":[{"id":358,"href":"https:\/\/xn--drper-crepe-cafe-mwba.de\/index.php?rest_route=\/wp\/v2\/pages\/210\/revisions\/358"}],"wp:attachment":[{"href":"https:\/\/xn--drper-crepe-cafe-mwba.de\/index.php?rest_route=%2Fwp%2Fv2%2Fmedia&parent=210"}],"curies":[{"name":"wp","href":"https:\/\/api.w.org\/{rel}","templated":true}]}}