{"id":227,"date":"2018-02-26T20:38:51","date_gmt":"2018-02-26T18:38:51","guid":{"rendered":"http:\/\/xn--drper-crepe-cafe-mwba.de\/?page_id=227"},"modified":"2025-03-11T14:23:59","modified_gmt":"2025-03-11T12:23:59","slug":"unser-angebot","status":"publish","type":"page","link":"https:\/\/xn--drper-crepe-cafe-mwba.de\/","title":{"rendered":"Willkommen beim D\u00f6\u00f6rper-Cr\u00eape-Caf\u00e9"},"content":{"rendered":"\n<figure class=\"wp-block-image alignwide size-medium\"><img data-attachment-id=\"644\" data-permalink=\"https:\/\/xn--drper-crepe-cafe-mwba.de\/?attachment_id=644\" data-orig-file=\"https:\/\/i0.wp.com\/xn--drper-crepe-cafe-mwba.de\/wp-content\/uploads\/2025\/03\/Members-Class-Thumbnail-BOW-5-1.jpeg?fit=1207%2C134&amp;ssl=1\" data-orig-size=\"1207,134\" data-comments-opened=\"1\" data-image-meta=\"{&quot;aperture&quot;:&quot;0&quot;,&quot;credit&quot;:&quot;WealthPress Marketing&quot;,&quot;camera&quot;:&quot;&quot;,&quot;caption&quot;:&quot;&quot;,&quot;created_timestamp&quot;:&quot;0&quot;,&quot;copyright&quot;:&quot;&quot;,&quot;focal_length&quot;:&quot;0&quot;,&quot;iso&quot;:&quot;0&quot;,&quot;shutter_speed&quot;:&quot;0&quot;,&quot;title&quot;:&quot;Members Class Thumbnail BOW - 6&quot;,&quot;orientation&quot;:&quot;1&quot;}\" data-image-title=\"Members Class Thumbnail BOW &#8211; 6\" data-image-description=\"\" data-image-caption=\"\" data-medium-file=\"https:\/\/i0.wp.com\/xn--drper-crepe-cafe-mwba.de\/wp-content\/uploads\/2025\/03\/Members-Class-Thumbnail-BOW-5-1.jpeg?fit=300%2C33&amp;ssl=1\" data-large-file=\"https:\/\/i0.wp.com\/xn--drper-crepe-cafe-mwba.de\/wp-content\/uploads\/2025\/03\/Members-Class-Thumbnail-BOW-5-1.jpeg?fit=1024%2C114&amp;ssl=1\" loading=\"lazy\" width=\"300\" height=\"33\" src=\"https:\/\/i0.wp.com\/xn--drper-crepe-cafe-mwba.de\/wp-content\/uploads\/2025\/03\/Members-Class-Thumbnail-BOW-5-1.jpeg?resize=300%2C33&#038;ssl=1\" alt=\"\" class=\"wp-image-644\" srcset=\"https:\/\/i0.wp.com\/xn--drper-crepe-cafe-mwba.de\/wp-content\/uploads\/2025\/03\/Members-Class-Thumbnail-BOW-5-1.jpeg?resize=300%2C33&amp;ssl=1 300w, https:\/\/i0.wp.com\/xn--drper-crepe-cafe-mwba.de\/wp-content\/uploads\/2025\/03\/Members-Class-Thumbnail-BOW-5-1.jpeg?resize=1024%2C114&amp;ssl=1 1024w, https:\/\/i0.wp.com\/xn--drper-crepe-cafe-mwba.de\/wp-content\/uploads\/2025\/03\/Members-Class-Thumbnail-BOW-5-1.jpeg?resize=768%2C85&amp;ssl=1 768w, https:\/\/i0.wp.com\/xn--drper-crepe-cafe-mwba.de\/wp-content\/uploads\/2025\/03\/Members-Class-Thumbnail-BOW-5-1.jpeg?resize=1000%2C111&amp;ssl=1 1000w, https:\/\/i0.wp.com\/xn--drper-crepe-cafe-mwba.de\/wp-content\/uploads\/2025\/03\/Members-Class-Thumbnail-BOW-5-1.jpeg?resize=230%2C26&amp;ssl=1 230w, https:\/\/i0.wp.com\/xn--drper-crepe-cafe-mwba.de\/wp-content\/uploads\/2025\/03\/Members-Class-Thumbnail-BOW-5-1.jpeg?resize=350%2C39&amp;ssl=1 350w, https:\/\/i0.wp.com\/xn--drper-crepe-cafe-mwba.de\/wp-content\/uploads\/2025\/03\/Members-Class-Thumbnail-BOW-5-1.jpeg?resize=480%2C53&amp;ssl=1 480w, https:\/\/i0.wp.com\/xn--drper-crepe-cafe-mwba.de\/wp-content\/uploads\/2025\/03\/Members-Class-Thumbnail-BOW-5-1.jpeg?w=1207&amp;ssl=1 1207w\" sizes=\"(max-width: 300px) 100vw, 300px\" data-recalc-dims=\"1\" \/><\/figure>\n\n\n\n<p><\/p>\n\n\n\n<div style=\"height:20px\" aria-hidden=\"true\" class=\"wp-block-spacer\"><\/div>\n\n\n\n<h1 class=\"has-text-align-center has-large-font-size\">Unser Angebot<\/h1>\n\n\n\n<p><\/p>\n\n\n\n<p><\/p>\n\n\n\n<p><\/p>\n\n\n\n<p>Wir vom D\u00f6\u00f6rper-Cr\u00eape-Caf\u00e9 verw\u00f6hnen Sie mit vielerlei leckeren Cr\u00eape- und Kaffee-Variationen ganz auf Ihren Wunsch abgestimmt. Unser Kaffee wird aus hochwertigen Espresso-Bohnen, aus einer privaten R\u00f6sterei unserer Vertrauens, mit der Siebtr\u00e4germaschine f\u00fcr Sie zubereitet.\u00a0<\/p>\n\n\n\n<div style=\"height:30px\" aria-hidden=\"true\" class=\"wp-block-spacer\"><\/div>\n\n\n\n<figure class=\"wp-block-image alignwide size-medium\"><img data-attachment-id=\"647\" data-permalink=\"https:\/\/xn--drper-crepe-cafe-mwba.de\/?attachment_id=647\" data-orig-file=\"https:\/\/i0.wp.com\/xn--drper-crepe-cafe-mwba.de\/wp-content\/uploads\/2025\/03\/Members-Class-Thumbnail-BOW-6.jpeg?fit=1220%2C144&amp;ssl=1\" data-orig-size=\"1220,144\" data-comments-opened=\"1\" data-image-meta=\"{&quot;aperture&quot;:&quot;0&quot;,&quot;credit&quot;:&quot;WealthPress Marketing&quot;,&quot;camera&quot;:&quot;&quot;,&quot;caption&quot;:&quot;&quot;,&quot;created_timestamp&quot;:&quot;0&quot;,&quot;copyright&quot;:&quot;&quot;,&quot;focal_length&quot;:&quot;0&quot;,&quot;iso&quot;:&quot;0&quot;,&quot;shutter_speed&quot;:&quot;0&quot;,&quot;title&quot;:&quot;Members Class Thumbnail BOW - 6&quot;,&quot;orientation&quot;:&quot;1&quot;}\" data-image-title=\"Members Class Thumbnail BOW &#8211; 6\" data-image-description=\"\" data-image-caption=\"\" data-medium-file=\"https:\/\/i0.wp.com\/xn--drper-crepe-cafe-mwba.de\/wp-content\/uploads\/2025\/03\/Members-Class-Thumbnail-BOW-6.jpeg?fit=300%2C35&amp;ssl=1\" data-large-file=\"https:\/\/i0.wp.com\/xn--drper-crepe-cafe-mwba.de\/wp-content\/uploads\/2025\/03\/Members-Class-Thumbnail-BOW-6.jpeg?fit=1024%2C121&amp;ssl=1\" loading=\"lazy\" width=\"300\" height=\"35\" src=\"https:\/\/i0.wp.com\/xn--drper-crepe-cafe-mwba.de\/wp-content\/uploads\/2025\/03\/Members-Class-Thumbnail-BOW-6.jpeg?resize=300%2C35&#038;ssl=1\" alt=\"\" class=\"wp-image-647\" srcset=\"https:\/\/i0.wp.com\/xn--drper-crepe-cafe-mwba.de\/wp-content\/uploads\/2025\/03\/Members-Class-Thumbnail-BOW-6.jpeg?resize=300%2C35&amp;ssl=1 300w, https:\/\/i0.wp.com\/xn--drper-crepe-cafe-mwba.de\/wp-content\/uploads\/2025\/03\/Members-Class-Thumbnail-BOW-6.jpeg?resize=1024%2C121&amp;ssl=1 1024w, https:\/\/i0.wp.com\/xn--drper-crepe-cafe-mwba.de\/wp-content\/uploads\/2025\/03\/Members-Class-Thumbnail-BOW-6.jpeg?resize=768%2C91&amp;ssl=1 768w, https:\/\/i0.wp.com\/xn--drper-crepe-cafe-mwba.de\/wp-content\/uploads\/2025\/03\/Members-Class-Thumbnail-BOW-6.jpeg?resize=1000%2C118&amp;ssl=1 1000w, https:\/\/i0.wp.com\/xn--drper-crepe-cafe-mwba.de\/wp-content\/uploads\/2025\/03\/Members-Class-Thumbnail-BOW-6.jpeg?resize=230%2C27&amp;ssl=1 230w, https:\/\/i0.wp.com\/xn--drper-crepe-cafe-mwba.de\/wp-content\/uploads\/2025\/03\/Members-Class-Thumbnail-BOW-6.jpeg?resize=350%2C41&amp;ssl=1 350w, https:\/\/i0.wp.com\/xn--drper-crepe-cafe-mwba.de\/wp-content\/uploads\/2025\/03\/Members-Class-Thumbnail-BOW-6.jpeg?resize=480%2C57&amp;ssl=1 480w, https:\/\/i0.wp.com\/xn--drper-crepe-cafe-mwba.de\/wp-content\/uploads\/2025\/03\/Members-Class-Thumbnail-BOW-6.jpeg?w=1220&amp;ssl=1 1220w\" sizes=\"(max-width: 300px) 100vw, 300px\" data-recalc-dims=\"1\" \/><\/figure>\n\n\n<h2 style=\"text-align: center;\">Cr\u00eapes<\/h2>\n<p>Unkomplizierte Klassiker und genussvolle Cr\u00eape-Wunder! Ausgefallene Toppings machen unsere Cr\u00eapes zum kulinarischen Erlebnis.<\/p>\n<p>Ob herzhaft oder s\u00fc\u00df, unsere Cr\u00eapes sind immer appetitlich, k\u00f6stlich und aromatisch!<\/p>\n<p>Wir backen mit ganz viel Liebe und Leidenschaft. Dabei verwenden wir nur die besten Zutaten f\u00fcr unsere k\u00f6stlichen Cr\u00eapes.<\/p>\n\n\n<div class=\"ngg-galleryoverview ngg-slideshow\"\n\t id=\"ngg-slideshow-ad3902975c806fe96172eb27900e8633-20266156860\"\n     data-gallery-id=\"ad3902975c806fe96172eb27900e8633\"\n     style=\"max-width: 600px; max-height: 400px;\">\n\n \t<div id=\"ngg-image-0\" class=\"ngg-gallery-slideshow-image\" style=\"height:400px\">\n\n        <a href=\"https:\/\/xn--drper-crepe-cafe-mwba.de\/wp-content\/gallery\/verschiedene-crepes\/20180418-18-33-55-P4180110-2-4-Bearbeitet.jpg\"\n           title=\"\"\n           data-src=\"https:\/\/xn--drper-crepe-cafe-mwba.de\/wp-content\/gallery\/verschiedene-crepes\/20180418-18-33-55-P4180110-2-4-Bearbeitet.jpg\"\n           data-thumbnail=\"https:\/\/xn--drper-crepe-cafe-mwba.de\/wp-content\/gallery\/verschiedene-crepes\/thumbs\/thumbs_20180418-18-33-55-P4180110-2-4-Bearbeitet.jpg\"\n           data-image-id=\"17\"\n           data-title=\"20180418-18-33-55-P4180110-2-4-Bearbeitet\"\n           data-description=\"\"\n           class=\"ngg-fancybox\" rel=\"ad3902975c806fe96172eb27900e8633\">\n\n            <img data-image-id='17'\n                 title=\"\"\n                 alt=\"20180418-18-33-55-P4180110-2-4-Bearbeitet\"\n                 src=\"https:\/\/xn--drper-crepe-cafe-mwba.de\/wp-content\/gallery\/verschiedene-crepes\/20180418-18-33-55-P4180110-2-4-Bearbeitet.jpg\"\n                 style=\"max-height: 380px;\"\/>\n        <\/a>\n\n        <\/div> \n<div id=\"ngg-image-1\" class=\"ngg-gallery-slideshow-image\" style=\"height:400px\">\n\n        <a href=\"https:\/\/xn--drper-crepe-cafe-mwba.de\/wp-content\/gallery\/verschiedene-crepes\/caaecacf-a570-4c44-a191-ffb1144d2f6e.jpeg\"\n           title=\"\"\n           data-src=\"https:\/\/xn--drper-crepe-cafe-mwba.de\/wp-content\/gallery\/verschiedene-crepes\/caaecacf-a570-4c44-a191-ffb1144d2f6e.jpeg\"\n           data-thumbnail=\"https:\/\/xn--drper-crepe-cafe-mwba.de\/wp-content\/gallery\/verschiedene-crepes\/thumbs\/thumbs_caaecacf-a570-4c44-a191-ffb1144d2f6e.jpeg\"\n           data-image-id=\"36\"\n           data-title=\"caaecacf-a570-4c44-a191-ffb1144d2f6e\"\n           data-description=\"\"\n           class=\"ngg-fancybox\" rel=\"ad3902975c806fe96172eb27900e8633\">\n\n            <img data-image-id='36'\n                 title=\"\"\n                 alt=\"caaecacf-a570-4c44-a191-ffb1144d2f6e\"\n                 src=\"https:\/\/xn--drper-crepe-cafe-mwba.de\/wp-content\/gallery\/verschiedene-crepes\/caaecacf-a570-4c44-a191-ffb1144d2f6e.jpeg\"\n                 style=\"max-height: 380px;\"\/>\n        <\/a>\n\n        <\/div> \n<div id=\"ngg-image-2\" class=\"ngg-gallery-slideshow-image\" style=\"height:400px\">\n\n        <a href=\"https:\/\/xn--drper-crepe-cafe-mwba.de\/wp-content\/gallery\/verschiedene-crepes\/20180418-18-28-10-P4180077-2-5-2-Bearbeitet.jpg\"\n           title=\"\"\n           data-src=\"https:\/\/xn--drper-crepe-cafe-mwba.de\/wp-content\/gallery\/verschiedene-crepes\/20180418-18-28-10-P4180077-2-5-2-Bearbeitet.jpg\"\n           data-thumbnail=\"https:\/\/xn--drper-crepe-cafe-mwba.de\/wp-content\/gallery\/verschiedene-crepes\/thumbs\/thumbs_20180418-18-28-10-P4180077-2-5-2-Bearbeitet.jpg\"\n           data-image-id=\"24\"\n           data-title=\"20180418-18-28-10-P4180077-2-5-2-Bearbeitet\"\n           data-description=\"\"\n           class=\"ngg-fancybox\" rel=\"ad3902975c806fe96172eb27900e8633\">\n\n            <img data-image-id='24'\n                 title=\"\"\n                 alt=\"20180418-18-28-10-P4180077-2-5-2-Bearbeitet\"\n                 src=\"https:\/\/xn--drper-crepe-cafe-mwba.de\/wp-content\/gallery\/verschiedene-crepes\/20180418-18-28-10-P4180077-2-5-2-Bearbeitet.jpg\"\n                 style=\"max-height: 380px;\"\/>\n        <\/a>\n\n        <\/div> \n<div id=\"ngg-image-3\" class=\"ngg-gallery-slideshow-image\" style=\"height:400px\">\n\n        <a href=\"https:\/\/xn--drper-crepe-cafe-mwba.de\/wp-content\/gallery\/verschiedene-crepes\/20180418-18-29-46-P4180087-2-4-2-Bearbeitet.jpg\"\n           title=\"\"\n           data-src=\"https:\/\/xn--drper-crepe-cafe-mwba.de\/wp-content\/gallery\/verschiedene-crepes\/20180418-18-29-46-P4180087-2-4-2-Bearbeitet.jpg\"\n           data-thumbnail=\"https:\/\/xn--drper-crepe-cafe-mwba.de\/wp-content\/gallery\/verschiedene-crepes\/thumbs\/thumbs_20180418-18-29-46-P4180087-2-4-2-Bearbeitet.jpg\"\n           data-image-id=\"27\"\n           data-title=\"20180418-18-29-46-P4180087-2-4-2-Bearbeitet\"\n           data-description=\"\"\n           class=\"ngg-fancybox\" rel=\"ad3902975c806fe96172eb27900e8633\">\n\n            <img data-image-id='27'\n                 title=\"\"\n                 alt=\"20180418-18-29-46-P4180087-2-4-2-Bearbeitet\"\n                 src=\"https:\/\/xn--drper-crepe-cafe-mwba.de\/wp-content\/gallery\/verschiedene-crepes\/20180418-18-29-46-P4180087-2-4-2-Bearbeitet.jpg\"\n                 style=\"max-height: 380px;\"\/>\n        <\/a>\n\n        <\/div> \n<\/div>\n\n\n\n\n\n\n<figure class=\"wp-block-image alignwide size-medium\"><img data-attachment-id=\"649\" data-permalink=\"https:\/\/xn--drper-crepe-cafe-mwba.de\/?attachment_id=649\" data-orig-file=\"https:\/\/i0.wp.com\/xn--drper-crepe-cafe-mwba.de\/wp-content\/uploads\/2025\/03\/Members-Class-Thumbnail-BOW-7.jpeg?fit=1216%2C133&amp;ssl=1\" data-orig-size=\"1216,133\" data-comments-opened=\"1\" data-image-meta=\"{&quot;aperture&quot;:&quot;0&quot;,&quot;credit&quot;:&quot;WealthPress Marketing&quot;,&quot;camera&quot;:&quot;&quot;,&quot;caption&quot;:&quot;&quot;,&quot;created_timestamp&quot;:&quot;0&quot;,&quot;copyright&quot;:&quot;&quot;,&quot;focal_length&quot;:&quot;0&quot;,&quot;iso&quot;:&quot;0&quot;,&quot;shutter_speed&quot;:&quot;0&quot;,&quot;title&quot;:&quot;Members Class Thumbnail BOW - 6&quot;,&quot;orientation&quot;:&quot;1&quot;}\" data-image-title=\"Members Class Thumbnail BOW &#8211; 6\" data-image-description=\"\" data-image-caption=\"\" data-medium-file=\"https:\/\/i0.wp.com\/xn--drper-crepe-cafe-mwba.de\/wp-content\/uploads\/2025\/03\/Members-Class-Thumbnail-BOW-7.jpeg?fit=300%2C33&amp;ssl=1\" data-large-file=\"https:\/\/i0.wp.com\/xn--drper-crepe-cafe-mwba.de\/wp-content\/uploads\/2025\/03\/Members-Class-Thumbnail-BOW-7.jpeg?fit=1024%2C112&amp;ssl=1\" loading=\"lazy\" width=\"300\" height=\"33\" src=\"https:\/\/i0.wp.com\/xn--drper-crepe-cafe-mwba.de\/wp-content\/uploads\/2025\/03\/Members-Class-Thumbnail-BOW-7.jpeg?resize=300%2C33&#038;ssl=1\" alt=\"\" class=\"wp-image-649\" srcset=\"https:\/\/i0.wp.com\/xn--drper-crepe-cafe-mwba.de\/wp-content\/uploads\/2025\/03\/Members-Class-Thumbnail-BOW-7.jpeg?resize=300%2C33&amp;ssl=1 300w, https:\/\/i0.wp.com\/xn--drper-crepe-cafe-mwba.de\/wp-content\/uploads\/2025\/03\/Members-Class-Thumbnail-BOW-7.jpeg?resize=1024%2C112&amp;ssl=1 1024w, https:\/\/i0.wp.com\/xn--drper-crepe-cafe-mwba.de\/wp-content\/uploads\/2025\/03\/Members-Class-Thumbnail-BOW-7.jpeg?resize=768%2C84&amp;ssl=1 768w, https:\/\/i0.wp.com\/xn--drper-crepe-cafe-mwba.de\/wp-content\/uploads\/2025\/03\/Members-Class-Thumbnail-BOW-7.jpeg?resize=1000%2C109&amp;ssl=1 1000w, https:\/\/i0.wp.com\/xn--drper-crepe-cafe-mwba.de\/wp-content\/uploads\/2025\/03\/Members-Class-Thumbnail-BOW-7.jpeg?resize=230%2C25&amp;ssl=1 230w, https:\/\/i0.wp.com\/xn--drper-crepe-cafe-mwba.de\/wp-content\/uploads\/2025\/03\/Members-Class-Thumbnail-BOW-7.jpeg?resize=350%2C38&amp;ssl=1 350w, https:\/\/i0.wp.com\/xn--drper-crepe-cafe-mwba.de\/wp-content\/uploads\/2025\/03\/Members-Class-Thumbnail-BOW-7.jpeg?resize=480%2C53&amp;ssl=1 480w, https:\/\/i0.wp.com\/xn--drper-crepe-cafe-mwba.de\/wp-content\/uploads\/2025\/03\/Members-Class-Thumbnail-BOW-7.jpeg?w=1216&amp;ssl=1 1216w\" sizes=\"(max-width: 300px) 100vw, 300px\" data-recalc-dims=\"1\" \/><\/figure>\n\n\n\n<h2>Kaffee<\/h2>\n\n\n\n<p>Unser Kaffe wird zubereitet im professionellen Siebtr\u00e4ger vom erfahrenen Barista. F\u00fcr unsere Kaffeegetr\u00e4nke werden die Kaffeebohnen frisch vermahlen. Der Kaffee wird in einer privaten R\u00f6sterei schonend und traditionell ger\u00f6stet &#8211; Das macht ihn so herk\u00f6mmlich und lecker! <\/p>\n\n\n\n<p>Wir bieten an:<\/p>\n\n\n\n<ul><li>Espresso<\/li><li>Cappuccino<\/li><li>Latte Macchiato<\/li><li>Milchkaffee<\/li><\/ul>\n\n\n\n\n\n<div class=\"ngg-galleryoverview ngg-slideshow\"\n\t id=\"ngg-slideshow-e7c19a791bc73bbc15d125d88bb5b78d-3722776160\"\n     data-gallery-id=\"e7c19a791bc73bbc15d125d88bb5b78d\"\n     style=\"max-width: 600px; max-height: 400px;\">\n\n \t<div id=\"ngg-image-0\" class=\"ngg-gallery-slideshow-image\" style=\"height:400px\">\n\n        <a href=\"https:\/\/xn--drper-crepe-cafe-mwba.de\/wp-content\/gallery\/kaffee\/20180422-14-04-08-20180422-DSC03996-2-2.jpg\"\n           title=\"\"\n           data-src=\"https:\/\/xn--drper-crepe-cafe-mwba.de\/wp-content\/gallery\/kaffee\/20180422-14-04-08-20180422-DSC03996-2-2.jpg\"\n           data-thumbnail=\"https:\/\/xn--drper-crepe-cafe-mwba.de\/wp-content\/gallery\/kaffee\/thumbs\/thumbs_20180422-14-04-08-20180422-DSC03996-2-2.jpg\"\n           data-image-id=\"31\"\n           data-title=\"20180422 14-04-08 20180422-DSC03996-2-2\"\n           data-description=\"\"\n           class=\"ngg-fancybox\" rel=\"e7c19a791bc73bbc15d125d88bb5b78d\">\n\n            <img data-image-id='31'\n                 title=\"\"\n                 alt=\"20180422 14-04-08 20180422-DSC03996-2-2\"\n                 src=\"https:\/\/xn--drper-crepe-cafe-mwba.de\/wp-content\/gallery\/kaffee\/20180422-14-04-08-20180422-DSC03996-2-2.jpg\"\n                 style=\"max-height: 380px;\"\/>\n        <\/a>\n\n        <\/div> \n<div id=\"ngg-image-1\" class=\"ngg-gallery-slideshow-image\" style=\"height:400px\">\n\n        <a href=\"https:\/\/xn--drper-crepe-cafe-mwba.de\/wp-content\/gallery\/kaffee\/IMG_6139-scaled.jpg\"\n           title=\"\"\n           data-src=\"https:\/\/xn--drper-crepe-cafe-mwba.de\/wp-content\/gallery\/kaffee\/IMG_6139-scaled.jpg\"\n           data-thumbnail=\"https:\/\/xn--drper-crepe-cafe-mwba.de\/wp-content\/gallery\/kaffee\/thumbs\/thumbs_IMG_6139-scaled.jpg\"\n           data-image-id=\"38\"\n           data-title=\"IMG_6139-scaled\"\n           data-description=\"\"\n           class=\"ngg-fancybox\" rel=\"e7c19a791bc73bbc15d125d88bb5b78d\">\n\n            <img data-image-id='38'\n                 title=\"\"\n                 alt=\"IMG_6139-scaled\"\n                 src=\"https:\/\/xn--drper-crepe-cafe-mwba.de\/wp-content\/gallery\/kaffee\/IMG_6139-scaled.jpg\"\n                 style=\"max-height: 380px;\"\/>\n        <\/a>\n\n        <\/div> \n<div id=\"ngg-image-2\" class=\"ngg-gallery-slideshow-image\" style=\"height:400px\">\n\n        <a href=\"https:\/\/xn--drper-crepe-cafe-mwba.de\/wp-content\/gallery\/kaffee\/IMG_6137-scaled.jpg\"\n           title=\"\"\n           data-src=\"https:\/\/xn--drper-crepe-cafe-mwba.de\/wp-content\/gallery\/kaffee\/IMG_6137-scaled.jpg\"\n           data-thumbnail=\"https:\/\/xn--drper-crepe-cafe-mwba.de\/wp-content\/gallery\/kaffee\/thumbs\/thumbs_IMG_6137-scaled.jpg\"\n           data-image-id=\"39\"\n           data-title=\"IMG_6137-scaled\"\n           data-description=\"\"\n           class=\"ngg-fancybox\" rel=\"e7c19a791bc73bbc15d125d88bb5b78d\">\n\n            <img data-image-id='39'\n                 title=\"\"\n                 alt=\"IMG_6137-scaled\"\n                 src=\"https:\/\/xn--drper-crepe-cafe-mwba.de\/wp-content\/gallery\/kaffee\/IMG_6137-scaled.jpg\"\n                 style=\"max-height: 380px;\"\/>\n        <\/a>\n\n        <\/div> \n<div id=\"ngg-image-3\" class=\"ngg-gallery-slideshow-image\" style=\"height:400px\">\n\n        <a href=\"https:\/\/xn--drper-crepe-cafe-mwba.de\/wp-content\/gallery\/kaffee\/IMG_6138-scaled.jpg\"\n           title=\"\"\n           data-src=\"https:\/\/xn--drper-crepe-cafe-mwba.de\/wp-content\/gallery\/kaffee\/IMG_6138-scaled.jpg\"\n           data-thumbnail=\"https:\/\/xn--drper-crepe-cafe-mwba.de\/wp-content\/gallery\/kaffee\/thumbs\/thumbs_IMG_6138-scaled.jpg\"\n           data-image-id=\"37\"\n           data-title=\"IMG_6138-scaled\"\n           data-description=\"\"\n           class=\"ngg-fancybox\" rel=\"e7c19a791bc73bbc15d125d88bb5b78d\">\n\n            <img data-image-id='37'\n                 title=\"\"\n                 alt=\"IMG_6138-scaled\"\n                 src=\"https:\/\/xn--drper-crepe-cafe-mwba.de\/wp-content\/gallery\/kaffee\/IMG_6138-scaled.jpg\"\n                 style=\"max-height: 380px;\"\/>\n        <\/a>\n\n        <\/div> \n<\/div>\n\n\n\n\n","protected":false},"excerpt":{"rendered":"<p>Unser Angebot Wir vom D\u00f6\u00f6rper-Cr\u00eape-Caf\u00e9 verw\u00f6hnen Sie mit vielerlei leckeren Cr\u00eape- und Kaffee-Variationen ganz auf Ihren Wunsch abgestimmt. Unser Kaffee wird aus [&hellip;]<\/p>\n","protected":false},"author":1,"featured_media":0,"parent":0,"menu_order":0,"comment_status":"closed","ping_status":"closed","template":"","meta":{"ngg_post_thumbnail":0,"jetpack_post_was_ever_published":true},"jetpack_sharing_enabled":true,"jetpack_shortlink":"https:\/\/wp.me\/P9btXD-3F","jetpack_likes_enabled":true,"jetpack-related-posts":[{"id":132,"url":"https:\/\/xn--drper-crepe-cafe-mwba.de\/?page_id=132","url_meta":{"origin":227,"position":0},"title":"Das &#8222;D\u00f6\u00f6rper-Cr\u00eape-Caf\u00e9&#8220;","date":"November 5, 2017","format":false,"excerpt":"Sie k\u00f6nnen uns buchen f\u00fcr Hochzeiten Geburtstage Familienfeiern Firmenevents Stadtfeste u.v.m.","rel":"","context":"\u00c4hnlicher Beitrag","img":{"alt_text":"","src":"","width":0,"height":0},"classes":[]},{"id":108,"url":"https:\/\/xn--drper-crepe-cafe-mwba.de\/?page_id=108","url_meta":{"origin":227,"position":1},"title":"\u00dcber uns","date":"Oktober 26, 2017","format":false,"excerpt":"Wir sind das D\u00f6\u00f6rper-Cr\u00eape-Caf\u00e9! \" order_by=\"sortorder\" order_direction=\"ASC\" returns=\"included\" maximum_entity_count=\"500\"] \u00a0 Inhaber Sabrina Funke 02295\/30126 Velken 15 53809 Ruppichteroth crepecafe-ruppichteroth@gmx.de \u00a0 Weitere Infos finden Sie auf unserem Facebook-Account. \u00a0 Technik und Inszenierung von\u00a0Marcel G\u00f6bel.","rel":"","context":"\u00c4hnlicher Beitrag","img":{"alt_text":"","src":"","width":0,"height":0},"classes":[]},{"id":2,"url":"https:\/\/xn--drper-crepe-cafe-mwba.de\/?page_id=2","url_meta":{"origin":227,"position":2},"title":"Sample Page","date":"Mai 10, 2016","format":false,"excerpt":"This is an example page. It's different from a blog post because it will stay in one place and will show up in your site navigation (in most themes). Most people start with an About page that introduces them to potential site visitors. It might say something like this: Hi\u2026","rel":"","context":"\u00c4hnlicher Beitrag","img":{"alt_text":"","src":"","width":0,"height":0},"classes":[]},{"id":102,"url":"https:\/\/xn--drper-crepe-cafe-mwba.de\/?page_id=102","url_meta":{"origin":227,"position":3},"title":"Impressum","date":"Oktober 26, 2017","format":false,"excerpt":"Angaben gem\u00e4\u00df \u00a7 5 TMG: Sabrina Funke D\u00f6\u00f6rper-Cr\u00eape-Caf\u00e9 Velken 15 53809 Ruppichteroth Kontakt: Telefon: 0229530126 E-Mail: crepecafe-ruppichteroth@gmx.de Berufsbezeichnung und berufsrechtliche Regelungen Berufsbezeichnung: anderer Beruf Streitschlichtung Wir sind nicht bereit oder verpflichtet, an Streitbeilegungsverfahren vor einer Verbraucherschlichtungsstelle teilzunehmen. Haftung f\u00fcr Inhalte Als Diensteanbieter sind wir gem\u00e4\u00df \u00a7 7 Abs.1 TMG f\u00fcr\u2026","rel":"","context":"\u00c4hnlicher Beitrag","img":{"alt_text":"","src":"","width":0,"height":0},"classes":[]},{"id":210,"url":"https:\/\/xn--drper-crepe-cafe-mwba.de\/?page_id=210","url_meta":{"origin":227,"position":4},"title":"Downloads","date":"Januar 27, 2018","format":false,"excerpt":"Unser aktueller Flyer (2018) \" order_by=\"sortorder\" order_direction=\"ASC\" returns=\"included\" maximum_entity_count=\"500\"] Download des Flyers! \u00a0 Expos\u00e9 Download des Expos\u00e9s!","rel":"","context":"\u00c4hnlicher Beitrag","img":{"alt_text":"","src":"","width":0,"height":0},"classes":[]},{"id":111,"url":"https:\/\/xn--drper-crepe-cafe-mwba.de\/?page_id=111","url_meta":{"origin":227,"position":5},"title":"Buchungsanfrage","date":"Oktober 26, 2017","format":false,"excerpt":"Erstellen Sie hier eine unverbindliche Buchungsanfrage. Wir melden uns schnellstm\u00f6glich bei Ihnen!","rel":"","context":"\u00c4hnlicher Beitrag","img":{"alt_text":"","src":"","width":0,"height":0},"classes":[]}],"_links":{"self":[{"href":"https:\/\/xn--drper-crepe-cafe-mwba.de\/index.php?rest_route=\/wp\/v2\/pages\/227"}],"collection":[{"href":"https:\/\/xn--drper-crepe-cafe-mwba.de\/index.php?rest_route=\/wp\/v2\/pages"}],"about":[{"href":"https:\/\/xn--drper-crepe-cafe-mwba.de\/index.php?rest_route=\/wp\/v2\/types\/page"}],"author":[{"embeddable":true,"href":"https:\/\/xn--drper-crepe-cafe-mwba.de\/index.php?rest_route=\/wp\/v2\/users\/1"}],"replies":[{"embeddable":true,"href":"https:\/\/xn--drper-crepe-cafe-mwba.de\/index.php?rest_route=%2Fwp%2Fv2%2Fcomments&post=227"}],"version-history":[{"count":46,"href":"https:\/\/xn--drper-crepe-cafe-mwba.de\/index.php?rest_route=\/wp\/v2\/pages\/227\/revisions"}],"predecessor-version":[{"id":662,"href":"https:\/\/xn--drper-crepe-cafe-mwba.de\/index.php?rest_route=\/wp\/v2\/pages\/227\/revisions\/662"}],"wp:attachment":[{"href":"https:\/\/xn--drper-crepe-cafe-mwba.de\/index.php?rest_route=%2Fwp%2Fv2%2Fmedia&parent=227"}],"curies":[{"name":"wp","href":"https:\/\/api.w.org\/{rel}","templated":true}]}}